{"id":1593,"date":"2019-08-01T12:46:28","date_gmt":"2019-08-01T11:46:28","guid":{"rendered":"https:\/\/fsinstructor.com\/news\/?page_id=1593"},"modified":"2019-11-04T12:51:31","modified_gmt":"2019-11-04T11:51:31","slug":"legal-notice","status":"publish","type":"page","link":"https:\/\/fsinstructor.com\/news\/?page_id=1593","title":{"rendered":"Legal notice"},"content":{"rendered":"\n<p>Guimbert Dan <\/p>\n\n\n\n<p>SIRET 529276180 0013 <\/p>\n\n\n\n<p>Postal Address: <br>7 all\u00e9e de la p\u00e9pini\u00e8re 77170 BRIE-COMTE-ROBERT, FRANCE<\/p>\n\n\n\n<p>Contact :  contact@fsinstructor.com<\/p>\n\n\n\n<p><strong>Privacy policy<\/strong><\/p>\n\n\n\n<p>According to the law  n\u00b0 78-17 &#8220;software and freedoms&#8221;, you have the  right to access the information as well as to rectify and delete data  that concerns you personally on this site by sending us an email at contact@fsinstructor.com.<\/p>\n\n\n\n<h3 class=\"wp-block-heading\">1. What you should know about cookies<\/h3>\n\n\n\n<p> We use cookies  exclusively in order  to ensure the functioning of our website and the shod (session-cookies) <\/p>\n\n\n\n<h3 class=\"wp-block-heading\">2. Session-cookies<\/h3>\n\n\n\n<p>Our website uses session-cookies. When you, for  example, enter  information in our online complaint form or log in to  our complaint  management system, these data are stored (on your  computer) and sent to  us. Without these cookies this would not work;  they are automatically  deleted when you leave our website. Since the  processing of your  complaint is not possible without this function, the  legal basis for the  data processing is Article 6(1)(b) GDPR.<\/p>\n\n\n\n<h3 class=\"wp-block-heading\">4. Disable our cookies<\/h3>\n\n\n\n<p>You can disable our cookies. To do so, click on the  appropriate field.  You will find it on our cookies-banner at the bottom  of the screen each time you visit our website.<\/p>\n","protected":false},"excerpt":{"rendered":"<p>Guimbert Dan SIRET 529276180 0013 Postal Address: 7 all\u00e9e de la p\u00e9pini\u00e8re 77170 BRIE-COMTE-ROBERT, FRANCE Contact : contact@fsinstructor.com Privacy policy According to [&hellip;]<\/p>\n","protected":false},"author":1,"featured_media":0,"parent":0,"menu_order":0,"comment_status":"closed","ping_status":"closed","template":"","meta":{"ngg_post_thumbnail":0,"footnotes":""},"class_list":["post-1593","page","type-page","status-publish","hentry"],"_links":{"self":[{"href":"https:\/\/fsinstructor.com\/news\/index.php?rest_route=\/wp\/v2\/pages\/1593","targetHints":{"allow":["GET"]}}],"collection":[{"href":"https:\/\/fsinstructor.com\/news\/index.php?rest_route=\/wp\/v2\/pages"}],"about":[{"href":"https:\/\/fsinstructor.com\/news\/index.php?rest_route=\/wp\/v2\/types\/page"}],"author":[{"embeddable":true,"href":"https:\/\/fsinstructor.com\/news\/index.php?rest_route=\/wp\/v2\/users\/1"}],"replies":[{"embeddable":true,"href":"https:\/\/fsinstructor.com\/news\/index.php?rest_route=%2Fwp%2Fv2%2Fcomments&post=1593"}],"version-history":[{"count":7,"href":"https:\/\/fsinstructor.com\/news\/index.php?rest_route=\/wp\/v2\/pages\/1593\/revisions"}],"predecessor-version":[{"id":1624,"href":"https:\/\/fsinstructor.com\/news\/index.php?rest_route=\/wp\/v2\/pages\/1593\/revisions\/1624"}],"wp:attachment":[{"href":"https:\/\/fsinstructor.com\/news\/index.php?rest_route=%2Fwp%2Fv2%2Fmedia&parent=1593"}],"curies":[{"name":"wp","href":"https:\/\/api.w.org\/{rel}","templated":true}]}}