{"id":141,"date":"2021-06-04T16:23:24","date_gmt":"2021-06-04T14:23:24","guid":{"rendered":"https:\/\/fsinstructor.com\/avotrerythme\/?page_id=141"},"modified":"2022-06-02T15:08:21","modified_gmt":"2022-06-02T13:08:21","slug":"accompagnement-parental","status":"publish","type":"page","link":"https:\/\/fsinstructor.com\/avotrerythme\/?page_id=141","title":{"rendered":"Conseils en parentalit\u00e9"},"content":{"rendered":"\n<div class=\"wp-block-cover\" style=\"min-height:10px\"><span aria-hidden=\"true\" class=\"wp-block-cover__background has-background-dim\"><\/span><img loading=\"lazy\" decoding=\"async\" width=\"959\" height=\"472\" class=\"wp-block-cover__image-background wp-image-155\" alt=\"\" src=\"https:\/\/fsinstructor.com\/avotrerythme\/wp-content\/uploads\/2021\/06\/enfant-parent-mains2.jpg\" data-object-fit=\"cover\" srcset=\"https:\/\/fsinstructor.com\/avotrerythme\/wp-content\/uploads\/2021\/06\/enfant-parent-mains2.jpg 959w, https:\/\/fsinstructor.com\/avotrerythme\/wp-content\/uploads\/2021\/06\/enfant-parent-mains2-300x148.jpg 300w, https:\/\/fsinstructor.com\/avotrerythme\/wp-content\/uploads\/2021\/06\/enfant-parent-mains2-768x378.jpg 768w\" sizes=\"(max-width: 959px) 100vw, 959px\" \/><div class=\"wp-block-cover__inner-container is-layout-flow wp-block-cover-is-layout-flow\">\n<p class=\"has-text-align-center has-white-color has-text-color has-large-font-size\"><strong>A VOTRE RYTHME&nbsp;\u2026 de parents<\/strong><\/p>\n<\/div><\/div>\n\n\n\n<div style=\"height:23px\" aria-hidden=\"true\" class=\"wp-block-spacer\"><\/div>\n\n\n\n<p class=\"has-drop-cap\">De nature active et r\u00e9active, mon fil conducteur est qu\u2019il y a toujours une solution adapt\u00e9e \u00e0 chaque situation. Rigoureuse, attentive, sensible et empathique, je serai pr\u00e9sente pour votre famille et vous.<\/p>\n\n\n\n<p>Attir\u00e9e par la <strong><mark style=\"background-color:rgba(0, 0, 0, 0);color:#61177c\" class=\"has-inline-color\">petite enfance<\/mark><\/strong><mark style=\"background-color:rgba(0, 0, 0, 0)\" class=\"has-inline-color has-vivid-purple-color\"> <\/mark>depuis toujours, il m\u2019apparait \u00e9vident d\u2019exercer un m\u00e9tier en relation avec celui-ci.<\/p>\n\n\n\n<p>D\u00e8s 17 ans, je commence par obtenir mon <strong><mark style=\"background-color:rgba(0, 0, 0, 0);color:#61177c\" class=\"has-inline-color\">B<\/mark><\/strong>revet d\u2019<strong><mark style=\"background-color:rgba(0, 0, 0, 0);color:#61177c\" class=\"has-inline-color\">A<\/mark><\/strong>ptitude <strong><mark style=\"background-color:rgba(0, 0, 0, 0);color:#61177c\" class=\"has-inline-color\">F<\/mark><\/strong>ormation <strong><mark style=\"background-color:rgba(0, 0, 0, 0);color:#61177c\" class=\"has-inline-color\">A<\/mark><\/strong>nimateur option Attestation de Formation aux Premiers Secours qui me conduira \u00e0 \u00eatre animatrice en Centre de Loisirs et colonies de vacances, pour divers organismes, aupr\u00e8s d\u2019enfants de maternelles et \u00e9l\u00e9mentaires.<\/p>\n\n\n\n<p>&nbsp;Je suis \u00e9galement engag\u00e9e pour soutenir scolairement des coll\u00e9giens par des parents ou des associations.<\/p>\n\n\n\n<p>C\u2019est naturel, logique et \u00e9vident pour moi de devenir <mark style=\"background-color:rgba(0, 0, 0, 0);color:#61177c\" class=\"has-inline-color\"><strong>assistante maternelle agr\u00e9\u00e9e<\/strong> <strong>ind\u00e9pendante<\/strong><\/mark>, \u00e0 la suite d\u2019une formation pour obtenir l\u2019agr\u00e9ment. Ce m\u00e9tier m\u2019am\u00e8ne \u00e0 bien conna\u00eetre l\u2019enfant et son cercle familial.<\/p>\n\n\n\n<p>Ces diff\u00e9rentes exp\u00e9riences m\u2019enrichissent humainement et me permettent de <mark style=\"background-color:rgba(0, 0, 0, 0);color:#61177c\" class=\"has-inline-color\"><strong>comprendre le fonctionnement<\/strong> <strong>de l\u2019enfant<\/strong><\/mark> selon un contexte, un cadre ou un milieu social.<\/p>\n\n\n\n<p>D\u00e9j\u00e0 <mark style=\"background-color:rgba(0, 0, 0, 0);color:#61177c\" class=\"has-inline-color\"><strong>Maman<\/strong> <\/mark>de deux enfants, je deviens assistante maternelle par envie de prendre soin, de voir grandir et s\u2019\u00e9panouir les enfants que l\u2019on me confie.<\/p>\n\n\n\n<p>Durant 9 ann\u00e9es, aupr\u00e8s d\u2019enfants de 3 mois \u00e0 3 ans et de familles tr\u00e8s diff\u00e9rentes dans leur fonctionnement et leur composition, j\u2019acqui\u00e8re l\u2019exp\u00e9rience qui l\u00e9gitime mon aide aux parents qui auraient besoin de conseils en parentalit\u00e9.<\/p>\n\n\n\n<p>Mon \u00e9coute, mon observation, mon recul et mon analyse permettront aux parents qui le souhaitent de <strong><mark style=\"background-color:rgba(0, 0, 0, 0);color:#61177c\" class=\"has-inline-color\">trouver des r\u00e9ponses<\/mark><\/strong> \u00e0 leurs questions et <strong><mark style=\"background-color:rgba(0, 0, 0, 0);color:#61177c\" class=\"has-inline-color\">des solutions concr\u00e8tes<\/mark><\/strong> aux soucis qu\u2019ils peuvent rencontrer avec leurs enfants.<\/p>\n\n\n\n<p>L\u2019enfant a des besoins propres pour communiquer, s\u2019alimenter, s\u2019\u00e9veiller, se reposer, se construire, acqu\u00e9rir la propret\u00e9 et se sociabiliser et en cela je suis une ressource fiable et s\u00e9rieuse pour vous aider \u00e0 y faire face.<\/p>\n\n\n\n<div style=\"height:51px\" aria-hidden=\"true\" class=\"wp-block-spacer\"><\/div>\n\n\n\n<p class=\"has-white-color has-text-color has-background\" id=\"Prestation_Tarif\" style=\"background-color:#61177c\"><strong>Public concern\u00e9&nbsp;: <\/strong>futurs parents, parents d\u2019enfants<br><strong>Nature de la prestation&nbsp;: <\/strong>conseils en parentalit\u00e9<br><strong>Modalit\u00e9&nbsp;: <\/strong>s\u00e9ance ponctuelle ou en suivi<br><strong>Dur\u00e9e d\u2019un rendez-vous&nbsp;: <\/strong>1h \u00e0 adapter si pr\u00e9sence de l\u2019enfant<br><strong>Tarifs&nbsp;: <\/strong><br>   &#8211; 60 \u20ac\/h pour une s\u00e9ance ponctuelle,<br>   &#8211; 50 \u20ac\/h \u00e0 partir de 5 s\u00e9ances pr\u00e9vues,<br>   &#8211; 75 \u20ac\/h pour rendez-vous urgent (hors horaires de bureau 9h\/18h) jusqu\u2019\u00e0 22h  <br><strong>Paiement <\/strong>: Carte bleue, esp\u00e8ces, virement<br><strong>Lieu&nbsp;: <\/strong>A Votre Rythme, 7 all\u00e9e de la p\u00e9pini\u00e8re 77170 Brie-Comte-Robert<br>D\u00e9placement \u00e0 votre domicile sur \u00e9tude.Possibilit\u00e9 de rendez-vous en urgence jusqu\u2019\u00e0 22h.<br>Tout rendez-vous non annul\u00e9 48 h \u00e0 l\u2019avance sera d\u00fb.<\/p>\n\n\n\n<p class=\"has-text-align-center\"><a href=\"https:\/\/fsinstructor.com\/avotrerythme\/?page_id=8\">Prendre rendez-vous<\/a><\/p>\n","protected":false},"excerpt":{"rendered":"<p>De nature active et r\u00e9active, mon fil conducteur est qu\u2019il y a toujours une solution adapt\u00e9e \u00e0 chaque situation. Rigoureuse, [&hellip;]<\/p>\n","protected":false},"author":2,"featured_media":0,"parent":0,"menu_order":0,"comment_status":"closed","ping_status":"closed","template":"","meta":{"footnotes":""},"_links":{"self":[{"href":"https:\/\/fsinstructor.com\/avotrerythme\/index.php?rest_route=\/wp\/v2\/pages\/141"}],"collection":[{"href":"https:\/\/fsinstructor.com\/avotrerythme\/index.php?rest_route=\/wp\/v2\/pages"}],"about":[{"href":"https:\/\/fsinstructor.com\/avotrerythme\/index.php?rest_route=\/wp\/v2\/types\/page"}],"author":[{"embeddable":true,"href":"https:\/\/fsinstructor.com\/avotrerythme\/index.php?rest_route=\/wp\/v2\/users\/2"}],"replies":[{"embeddable":true,"href":"https:\/\/fsinstructor.com\/avotrerythme\/index.php?rest_route=%2Fwp%2Fv2%2Fcomments&post=141"}],"version-history":[{"count":47,"href":"https:\/\/fsinstructor.com\/avotrerythme\/index.php?rest_route=\/wp\/v2\/pages\/141\/revisions"}],"predecessor-version":[{"id":611,"href":"https:\/\/fsinstructor.com\/avotrerythme\/index.php?rest_route=\/wp\/v2\/pages\/141\/revisions\/611"}],"wp:attachment":[{"href":"https:\/\/fsinstructor.com\/avotrerythme\/index.php?rest_route=%2Fwp%2Fv2%2Fmedia&parent=141"}],"curies":[{"name":"wp","href":"https:\/\/api.w.org\/{rel}","templated":true}]}}