{"id":139,"date":"2021-06-04T16:22:56","date_gmt":"2021-06-04T14:22:56","guid":{"rendered":"https:\/\/fsinstructor.com\/avotrerythme\/?page_id=139"},"modified":"2022-02-10T11:43:44","modified_gmt":"2022-02-10T10:43:44","slug":"cours-de-francais","status":"publish","type":"page","link":"https:\/\/fsinstructor.com\/avotrerythme\/?page_id=139","title":{"rendered":"Cours de Fran\u00e7ais &#8211; F.L.E (langue \u00e9trang\u00e8re)"},"content":{"rendered":"\n<div class=\"wp-block-cover is-light\" style=\"min-height:10px\"><span aria-hidden=\"true\" class=\"wp-block-cover__gradient-background has-background-dim\"><\/span><img loading=\"lazy\" decoding=\"async\" width=\"394\" height=\"250\" class=\"wp-block-cover__image-background wp-image-270\" alt=\"\" src=\"https:\/\/fsinstructor.com\/avotrerythme\/wp-content\/uploads\/2022\/01\/Francophonie.jpg\" data-object-fit=\"cover\" srcset=\"https:\/\/fsinstructor.com\/avotrerythme\/wp-content\/uploads\/2022\/01\/Francophonie.jpg 394w, https:\/\/fsinstructor.com\/avotrerythme\/wp-content\/uploads\/2022\/01\/Francophonie-300x190.jpg 300w\" sizes=\"(max-width: 394px) 100vw, 394px\" \/><div class=\"wp-block-cover__inner-container is-layout-flow wp-block-cover-is-layout-flow\">\n<p class=\"has-text-align-center has-white-color has-text-color has-large-font-size\"><strong>A VOTRE RYTHME \u2026 de francophone<\/strong><\/p>\n<\/div><\/div>\n\n\n\n<div style=\"height:26px\" aria-hidden=\"true\" class=\"wp-block-spacer\"><\/div>\n\n\n\n<p class=\"has-drop-cap\">Le th\u00e9\u00e2tre, le professorat, la justice, il y a tant de disciplines o\u00f9 l\u2019art oratoire, l\u2019oralit\u00e9, le langage et l\u2019expression verbale sont indispensables.<\/p>\n\n\n\n<p>Bien s\u2019exprimer, bien prononcer, se faire comprendre, employer les bons mots, le bon vocabulaire sont une porte ouverte \u00e0 une bonne communication et permet d\u2019exprimer le plus exactement ce que l\u2019on souhaite faire passer comme message.<\/p>\n\n\n\n<p>Passionn\u00e9e par la litt\u00e9rature, professeure, les mots et la langue fran\u00e7aise font partie de mon quotidien.<\/p>\n\n\n\n<p>Aux amoureux de la langue fran\u00e7aise, \u00e0 celles et ceux qui souhaitent parfaire leur diction, acqu\u00e9rir un vocabulaire riche et pouvoir l\u2019utiliser au quotidien quel que soit le contexte et l\u2019interlocuteur, je vous propose de converser ensemble comme vous le d\u00e9sirez. Langage courant ou soutenu, selon vos envies.<\/p>\n\n\n\n<p>L\u2019\u00e9crit peut aussi \u00eatre un moyen d\u2019expression que je peux vous aider \u00e0 parfaire, am\u00e9liorer ou \u00e0 d\u00e9couvrir par l\u2019acquisition de la grammaire, l\u2019\u00e9tymologie, l\u2019orthographe.<\/p>\n\n\n\n<p class=\"has-white-color has-text-color has-background\" id=\"Prestation_Tarif\" style=\"background-color:#61177c\"><strong>Public concern\u00e9<\/strong>\u00a0: Enfants, adultes, apprenants non francophones<br><strong>Nature de la prestation<\/strong>\u00a0: apprentissage et perfectionnement de la langue fran\u00e7aise parl\u00e9e, lue et \u00e9crite<br><strong>Contenu de la prestation\u00a0<\/strong>:<br>&#8211; Oral\u00a0: conversation, diction, prononciation verbale ou lue<br>&#8211; \u00c9crit\u00a0: bases de la grammaire, de la conjugaison et de l\u2019orthographe si n\u00e9cessaire, r\u00e9daction de textes (administratifs, personnels, professionnels).<br>Des cours et exercices seront donn\u00e9s \u00e0 chaque fin de s\u00e9ance.<br>Des \u0153uvres et livres\/manuels seront conseill\u00e9s selon les attentes de l\u2019\u00e9l\u00e8ve<br><strong>Modalit\u00e9s\u00a0: <\/strong>\u00a0selon les besoins et envies de l\u2019\u00e9l\u00e8ve (plusieurs s\u00e9ances par semaine, hebdomadaire, mensuelle\u2026) possibilit\u00e9 de s\u00e9ances sur planning<br><strong>Dur\u00e9e\u00a0: <\/strong>1 h hebdomadaire conseill\u00e9e avec possibilit\u00e9 de r\u00e9partir en 2 fois 30 minutes<br><strong>Tarifs\u00a0: <\/strong>Un cours d\u2019essai offert<br>&#8211; 30 \u20ac l\u2019heure de cours en particulier,<br>&#8211; 20 \u20ac par personne \u00e0 partir de deux \u00e9l\u00e8ves<br>&#8211; Forfait de 32 cours d&rsquo;une heure \u00e0 l\u2019ann\u00e9e (20 \u20ac\/heure)<br><strong>Paiement <\/strong>: carte bleue, virement et esp\u00e8ces<br><strong>Lieu\u00a0:<\/strong> <br>&#8211; A Votre Rythme, 7 all\u00e9e de la p\u00e9pini\u00e8re  77170 Brie-Comte-Robert<br>&#8211; Visioconf\u00e9rence ou t\u00e9l\u00e9phone possible.<br>&#8211; D\u00e9placement \u00e0 votre domicile sur \u00e9tude.<\/p>\n\n\n\n<p class=\"has-text-align-center\"><a href=\"https:\/\/fsinstructor.com\/avotrerythme\/?page_id=8\">Prendre rendez-vous<\/a><\/p>\n","protected":false},"excerpt":{"rendered":"<p>Le th\u00e9\u00e2tre, le professorat, la justice, il y a tant de disciplines o\u00f9 l\u2019art oratoire, l\u2019oralit\u00e9, le langage et l\u2019expression [&hellip;]<\/p>\n","protected":false},"author":2,"featured_media":0,"parent":0,"menu_order":0,"comment_status":"closed","ping_status":"closed","template":"","meta":{"footnotes":""},"_links":{"self":[{"href":"https:\/\/fsinstructor.com\/avotrerythme\/index.php?rest_route=\/wp\/v2\/pages\/139"}],"collection":[{"href":"https:\/\/fsinstructor.com\/avotrerythme\/index.php?rest_route=\/wp\/v2\/pages"}],"about":[{"href":"https:\/\/fsinstructor.com\/avotrerythme\/index.php?rest_route=\/wp\/v2\/types\/page"}],"author":[{"embeddable":true,"href":"https:\/\/fsinstructor.com\/avotrerythme\/index.php?rest_route=\/wp\/v2\/users\/2"}],"replies":[{"embeddable":true,"href":"https:\/\/fsinstructor.com\/avotrerythme\/index.php?rest_route=%2Fwp%2Fv2%2Fcomments&post=139"}],"version-history":[{"count":20,"href":"https:\/\/fsinstructor.com\/avotrerythme\/index.php?rest_route=\/wp\/v2\/pages\/139\/revisions"}],"predecessor-version":[{"id":563,"href":"https:\/\/fsinstructor.com\/avotrerythme\/index.php?rest_route=\/wp\/v2\/pages\/139\/revisions\/563"}],"wp:attachment":[{"href":"https:\/\/fsinstructor.com\/avotrerythme\/index.php?rest_route=%2Fwp%2Fv2%2Fmedia&parent=139"}],"curies":[{"name":"wp","href":"https:\/\/api.w.org\/{rel}","templated":true}]}}