{"id":118,"date":"2021-06-04T13:30:29","date_gmt":"2021-06-04T11:30:29","guid":{"rendered":"https:\/\/fsinstructor.com\/avotrerythme\/?page_id=118"},"modified":"2022-06-06T12:32:02","modified_gmt":"2022-06-06T10:32:02","slug":"home","status":"publish","type":"page","link":"https:\/\/fsinstructor.com\/avotrerythme\/","title":{"rendered":""},"content":{"rendered":"\n<p class=\"has-text-align-center has-medium-font-size\"><strong>A Votre Rythme, un service \u00e0 l\u2019\u00e9coute de vos envies musicales, vos attentes parentales, vos besoins langagiers ou de vos besoins de la vie quotidienne.<\/strong><\/p>\n\n\n\n<p>Form\u00e9e \u00e0 la musique, la litt\u00e9rature, \u00e0 l\u2019enfance et \u00e0 la p\u00e9dagogie, les comp\u00e9tences transversales sont importantes car elles nourrissent chacune des autres disciplines. La p\u00e9dagogie et l\u2019envie de transmission sont omnipr\u00e9sentes quelques soient les domaines. Communication et p\u00e9dagogie sont les cl\u00e9s de l\u2019apprentissage, de l\u2019\u00e9panouissement et la r\u00e9ussite de ce que vous entreprendrez en tant que musicien, parent, francophile ou encore en situation de besoin dans votre quotidien.&nbsp;<\/p>\n\n\n\n<div class=\"wp-block-columns alignfull Colonne_cours has-text-color has-background is-layout-flex wp-container-core-columns-layout-1 wp-block-columns-is-layout-flex\" style=\"background-color:#ffffff;color:#000000\">\n<div class=\"wp-block-column has-white-color has-text-color has-background is-layout-flow wp-block-column-is-layout-flow\" style=\"background-color:#61177c\">\n<h3 class=\"has-text-align-center wp-block-heading\" id=\"Cours-de-musique\" style=\"font-size:24px;line-height:1.3\"><a href=\"https:\/\/fsinstructor.com\/avotrerythme\/?page_id=137\" data-type=\"page\" data-id=\"137\"><strong>Cours de <\/strong><br><strong>musique<\/strong><\/a><\/h3>\n\n\n\n<figure class=\"wp-block-image size-full Colonne_cours\"><img loading=\"lazy\" decoding=\"async\" width=\"297\" height=\"189\" src=\"https:\/\/fsinstructor.com\/avotrerythme\/wp-content\/uploads\/2022\/01\/Musique_Mini.png\" alt=\"\" class=\"wp-image-364\"\/><\/figure>\n\n\n\n<p class=\"has-text-align-center\"><a href=\"https:\/\/fsinstructor.com\/avotrerythme\/?page_id=137\">Pr\u00e9sentation<\/a><br><a href=\"https:\/\/fsinstructor.com\/avotrerythme\/?page_id=137\/#Prestation_Tarif\" data-type=\"URL\" data-id=\"https:\/\/fsinstructor.com\/avotrerythme\/?page_id=137\/#Prestation_Tarif\">Prestation \/ tarifs<\/a><br><a href=\"https:\/\/fsinstructor.com\/avotrerythme\/?page_id=568\" data-type=\"page\" data-id=\"568\">Dipl\u00f4mes<\/a><br><a href=\"https:\/\/fsinstructor.com\/avotrerythme\/?page_id=199\">Articles de presse \/ T\u00e9moignages<\/a><br><a href=\"https:\/\/fsinstructor.com\/avotrerythme\/?page_id=8\" data-type=\"page\" data-id=\"8\">Prendre rendez-vous<\/a><\/p>\n<\/div>\n\n\n\n<div class=\"wp-block-column has-white-color has-text-color has-background is-layout-flow wp-block-column-is-layout-flow\" style=\"background-color:#61177c\">\n<h3 class=\"has-text-align-center has-white-color has-text-color wp-block-heading\" id=\"Cours-de-fran\u00e7ais\" style=\"font-size:24px;line-height:1.3\"><a href=\"https:\/\/fsinstructor.com\/avotrerythme\/?page_id=139\" data-type=\"page\" data-id=\"139\"><strong>Cours de <\/strong><br><strong>Fran\u00e7ais<\/strong> (F.L.E.)<\/a><\/h3>\n\n\n\n<figure class=\"wp-block-image size-full Colonne_cours\"><img loading=\"lazy\" decoding=\"async\" width=\"296\" height=\"188\" src=\"https:\/\/fsinstructor.com\/avotrerythme\/wp-content\/uploads\/2022\/01\/Francais_Mini.png\" alt=\"\" class=\"wp-image-366\"\/><\/figure>\n\n\n\n<p class=\"has-text-align-center\"><a href=\"https:\/\/fsinstructor.com\/avotrerythme\/?page_id=139\" data-type=\"page\" data-id=\"139\">Pr\u00e9sentation<br><\/a><a href=\"https:\/\/fsinstructor.com\/avotrerythme\/?page_id=139#Prestation_Tarif\" data-type=\"URL\" data-id=\"https:\/\/fsinstructor.com\/avotrerythme\/?page_id=139#Prestation_Tarif\">Prestation \/ tarifs<\/a><br><a href=\"https:\/\/fsinstructor.com\/avotrerythme\/?page_id=8\" data-type=\"page\" data-id=\"8\">Prendre rendez-vous<\/a><\/p>\n<\/div>\n\n\n\n<div class=\"wp-block-column has-white-color has-text-color has-background is-layout-flow wp-block-column-is-layout-flow\" style=\"background-color:#61177c\">\n<h3 class=\"has-text-align-center has-white-color has-text-color wp-block-heading\" id=\"Parentalit\u00e9\" style=\"font-size:24px;line-height:1.3\"><a href=\"https:\/\/fsinstructor.com\/avotrerythme\/?page_id=141\" data-type=\"page\" data-id=\"141\"><strong>Conseils en <\/strong><br><strong>parentalit\u00e9<\/strong><\/a><\/h3>\n\n\n\n<figure class=\"wp-block-image size-full Colonne_cours\" id=\"Colonne_cours\"><img loading=\"lazy\" decoding=\"async\" width=\"297\" height=\"189\" src=\"https:\/\/fsinstructor.com\/avotrerythme\/wp-content\/uploads\/2022\/01\/ConseilParentalite_Mini.png\" alt=\"\" class=\"wp-image-365\"\/><\/figure>\n\n\n\n<p class=\"has-text-align-center\"><a href=\"https:\/\/fsinstructor.com\/avotrerythme\/?page_id=141\" data-type=\"page\" data-id=\"141\">Pr\u00e9sentation<br><\/a><a href=\"https:\/\/fsinstructor.com\/avotrerythme\/?page_id=141\/#Prestation_Tarif\" data-type=\"URL\" data-id=\"https:\/\/fsinstructor.com\/avotrerythme\/?page_id=141\/#Prestation_Tarif\">Prestation \/ tarifs<\/a><mark style=\"background-color:rgba(0, 0, 0, 0)\" class=\"has-inline-color has-cyan-bluish-gray-color\"><br><a href=\"https:\/\/fsinstructor.com\/avotrerythme\/?page_id=582\" data-type=\"page\" data-id=\"582\">Dipl\u00f4mes et formations<\/a><\/mark><br><a href=\"https:\/\/fsinstructor.com\/avotrerythme\/?page_id=624\" data-type=\"page\" data-id=\"624\">T\u00e9moignages<\/a><br><a href=\"https:\/\/fsinstructor.com\/avotrerythme\/?page_id=8\" data-type=\"page\" data-id=\"8\">Prendre rendez-vous<\/a><\/p>\n<\/div>\n\n\n\n<div class=\"wp-block-column has-white-color has-text-color has-background is-layout-flow wp-block-column-is-layout-flow\" style=\"background-color:#61177c\">\n<h3 class=\"has-text-align-center wp-block-heading\" id=\"Aide-au-quotidien\" style=\"font-size:24px;line-height:1.3\"><a href=\"https:\/\/fsinstructor.com\/avotrerythme\/?page_id=240\" data-type=\"page\" data-id=\"240\"><strong>Aide au <\/strong><br><strong>quotidien<\/strong><\/a><\/h3>\n\n\n\n<figure class=\"wp-block-image size-full Colonne_cours\"><img loading=\"lazy\" decoding=\"async\" width=\"296\" height=\"189\" src=\"https:\/\/fsinstructor.com\/avotrerythme\/wp-content\/uploads\/2022\/01\/Help_Mini.png\" alt=\"\" class=\"wp-image-367\"\/><\/figure>\n\n\n\n<p class=\"has-text-align-center\"><a href=\"https:\/\/fsinstructor.com\/avotrerythme\/?page_id=240\" data-type=\"page\" data-id=\"240\">Pr\u00e9sentation<br><\/a><a href=\"https:\/\/fsinstructor.com\/avotrerythme\/?page_id=240\/#Prestation_Tarif\" data-type=\"URL\" data-id=\"https:\/\/fsinstructor.com\/avotrerythme\/?page_id=240\/#Prestation_Tarif\">Prestation \/ tarifs<\/a><br><mark style=\"background-color:rgba(0, 0, 0, 0)\" class=\"has-inline-color has-cyan-bluish-gray-color\"><a href=\"https:\/\/fsinstructor.com\/avotrerythme\/?page_id=597\" data-type=\"page\" data-id=\"597\">T\u00e9moignages et r\u00e9f\u00e9rences<\/a><\/mark><br><a href=\"https:\/\/fsinstructor.com\/avotrerythme\/?page_id=8\" data-type=\"page\" data-id=\"8\">Prendre rendez-vous<\/a><\/p>\n<\/div>\n<\/div>\n\n\n\n<p><\/p>\n","protected":false},"excerpt":{"rendered":"<p>A Votre Rythme, un service \u00e0 l\u2019\u00e9coute de vos envies musicales, vos attentes parentales, vos besoins langagiers ou de vos [&hellip;]<\/p>\n","protected":false},"author":3,"featured_media":0,"parent":0,"menu_order":0,"comment_status":"closed","ping_status":"closed","template":"","meta":{"footnotes":""},"_links":{"self":[{"href":"https:\/\/fsinstructor.com\/avotrerythme\/index.php?rest_route=\/wp\/v2\/pages\/118"}],"collection":[{"href":"https:\/\/fsinstructor.com\/avotrerythme\/index.php?rest_route=\/wp\/v2\/pages"}],"about":[{"href":"https:\/\/fsinstructor.com\/avotrerythme\/index.php?rest_route=\/wp\/v2\/types\/page"}],"author":[{"embeddable":true,"href":"https:\/\/fsinstructor.com\/avotrerythme\/index.php?rest_route=\/wp\/v2\/users\/3"}],"replies":[{"embeddable":true,"href":"https:\/\/fsinstructor.com\/avotrerythme\/index.php?rest_route=%2Fwp%2Fv2%2Fcomments&post=118"}],"version-history":[{"count":127,"href":"https:\/\/fsinstructor.com\/avotrerythme\/index.php?rest_route=\/wp\/v2\/pages\/118\/revisions"}],"predecessor-version":[{"id":625,"href":"https:\/\/fsinstructor.com\/avotrerythme\/index.php?rest_route=\/wp\/v2\/pages\/118\/revisions\/625"}],"wp:attachment":[{"href":"https:\/\/fsinstructor.com\/avotrerythme\/index.php?rest_route=%2Fwp%2Fv2%2Fmedia&parent=118"}],"curies":[{"name":"wp","href":"https:\/\/api.w.org\/{rel}","templated":true}]}}